{"id":1972,"date":"2026-03-05T15:11:40","date_gmt":"2026-03-05T15:11:40","guid":{"rendered":"https:\/\/madeinmadeira.pt\/?post_type=product&#038;p=1972"},"modified":"2026-03-13T14:10:32","modified_gmt":"2026-03-13T14:10:32","slug":"tote-bag-island-girl-essentials","status":"publish","type":"product","link":"http:\/\/madeinmadeira.pt\/pt\/produto\/tote-bag-island-girl-essentials\/","title":{"rendered":"Tote Bag &#8220;Island Girl Essentials&#8221;"},"content":{"rendered":"<p><strong data-start=\"0\" data-end=\"20\" data-is-only-node=\"\">Detalhes do artigo:<\/strong> Tote bag with long handles<br data-start=\"47\" data-end=\"50\" \/><strong data-start=\"50\" data-end=\"63\">100% algod\u00e3o, 150 g\/m2<\/strong> 100% cotton<br data-start=\"75\" data-end=\"78\" \/><strong data-start=\"78\" data-end=\"99\">Mais informa\u00e7\u00f5es:<\/strong> Lightweight, reusable and durable. Printed design.<\/p>","protected":false},"excerpt":{"rendered":"<p>Article details: Tote bag with long handlesMaterial: 100% cottonMore information: Lightweight, reusable and durable. Printed design.<\/p>","protected":false},"featured_media":1986,"comment_status":"open","ping_status":"closed","template":"","meta":[],"product_brand":[],"product_cat":[29,77],"product_tag":[84,85,69,70,82,68],"class_list":{"0":"post-1972","1":"product","2":"type-product","3":"status-publish","4":"has-post-thumbnail","6":"product_cat-bags","7":"product_cat-tote-bags","8":"product_tag-beach","9":"product_tag-island","10":"product_tag-madeira","11":"product_tag-souvenir","12":"product_tag-totebag","13":"product_tag-unissex","15":"first","16":"instock","17":"taxable","18":"shipping-taxable","19":"purchasable","20":"product-type-simple"},"yoast_head":"<!-- This site is optimized with the Yoast SEO plugin v27.1.1 - https:\/\/yoast.com\/product\/yoast-seo-wordpress\/ -->\n<title>Tote Bag &quot;Island Girl Essentials&quot;<\/title>\n<meta name=\"description\" content=\"Tote bag \u201cIsland Girl Essentials\u201d \u00e9 inspirada no estilo de vida leve e solarengo das raparigas das ilhas. Com um design divertido que destaca os essenciais de uma island girl, celebra o esp\u00edrito descontra\u00eddo, o sol e a liga\u00e7\u00e3o ao mar.\" \/>\n<meta name=\"robots\" content=\"index, follow, max-snippet:-1, max-image-preview:large, max-video-preview:-1\" \/>\n<link rel=\"canonical\" href=\"http:\/\/madeinmadeira.pt\/pt\/produto\/tote-bag-island-girl-essentials\/\" \/>\n<meta property=\"og:locale\" content=\"pt_PT\" \/>\n<meta property=\"og:type\" content=\"article\" \/>\n<meta property=\"og:title\" content=\"Tote Bag &quot;Island Girl Essentials&quot;\" \/>\n<meta property=\"og:description\" content=\"Tote bag \u201cIsland Girl Essentials\u201d \u00e9 inspirada no estilo de vida leve e solarengo das raparigas das ilhas. Com um design divertido que destaca os essenciais de uma island girl, celebra o esp\u00edrito descontra\u00eddo, o sol e a liga\u00e7\u00e3o ao mar.\" \/>\n<meta property=\"og:url\" content=\"http:\/\/madeinmadeira.pt\/pt\/produto\/tote-bag-island-girl-essentials\/\" \/>\n<meta property=\"article:publisher\" content=\"https:\/\/www.facebook.com\/madeinmadeira\" \/>\n<meta property=\"article:modified_time\" content=\"2026-03-13T14:10:32+00:00\" \/>\n<meta property=\"og:image\" content=\"http:\/\/madeinmadeira.pt\/wp-content\/uploads\/2026\/03\/Design-sem-nome-14.jpg\" \/>\n\t<meta property=\"og:image:width\" content=\"1080\" \/>\n\t<meta property=\"og:image:height\" content=\"1350\" \/>\n\t<meta property=\"og:image:type\" content=\"image\/jpeg\" \/>\n<meta name=\"twitter:card\" content=\"summary_large_image\" \/>\n<meta name=\"twitter:label1\" content=\"Tempo estimado de leitura\" \/>\n\t<meta name=\"twitter:data1\" content=\"1 minuto\" \/>\n<script type=\"application\/ld+json\" class=\"yoast-schema-graph\">{\"@context\":\"https:\/\/schema.org\",\"@graph\":[{\"@type\":\"WebPage\",\"@id\":\"http:\/\/madeinmadeira.pt\/pt\/produto\/tote-bag-island-girl-essentials\/\",\"url\":\"http:\/\/madeinmadeira.pt\/pt\/produto\/tote-bag-island-girl-essentials\/\",\"name\":\"Tote Bag \\\"Island Girl Essentials\\\"\",\"isPartOf\":{\"@id\":\"https:\/\/madeinmadeira.pt\/pt\/#website\"},\"primaryImageOfPage\":{\"@id\":\"http:\/\/madeinmadeira.pt\/pt\/produto\/tote-bag-island-girl-essentials\/#primaryimage\"},\"image\":{\"@id\":\"http:\/\/madeinmadeira.pt\/pt\/produto\/tote-bag-island-girl-essentials\/#primaryimage\"},\"thumbnailUrl\":\"http:\/\/madeinmadeira.pt\/wp-content\/uploads\/2026\/03\/Design-sem-nome-14.jpg\",\"datePublished\":\"2026-03-05T15:11:40+00:00\",\"dateModified\":\"2026-03-13T14:10:32+00:00\",\"description\":\"Tote bag \u201cIsland Girl Essentials\u201d \u00e9 inspirada no estilo de vida leve e solarengo das raparigas das ilhas. Com um design divertido que destaca os essenciais de uma island girl, celebra o esp\u00edrito descontra\u00eddo, o sol e a liga\u00e7\u00e3o ao mar.\",\"breadcrumb\":{\"@id\":\"http:\/\/madeinmadeira.pt\/pt\/produto\/tote-bag-island-girl-essentials\/#breadcrumb\"},\"inLanguage\":\"pt-PT\",\"potentialAction\":[{\"@type\":\"ReadAction\",\"target\":[\"http:\/\/madeinmadeira.pt\/pt\/produto\/tote-bag-island-girl-essentials\/\"]}]},{\"@type\":\"ImageObject\",\"inLanguage\":\"pt-PT\",\"@id\":\"http:\/\/madeinmadeira.pt\/pt\/produto\/tote-bag-island-girl-essentials\/#primaryimage\",\"url\":\"http:\/\/madeinmadeira.pt\/wp-content\/uploads\/2026\/03\/Design-sem-nome-14.jpg\",\"contentUrl\":\"http:\/\/madeinmadeira.pt\/wp-content\/uploads\/2026\/03\/Design-sem-nome-14.jpg\",\"width\":1080,\"height\":1350},{\"@type\":\"BreadcrumbList\",\"@id\":\"http:\/\/madeinmadeira.pt\/pt\/produto\/tote-bag-island-girl-essentials\/#breadcrumb\",\"itemListElement\":[{\"@type\":\"ListItem\",\"position\":1,\"name\":\"Home\",\"item\":\"https:\/\/madeinmadeira.pt\/pt\/\"},{\"@type\":\"ListItem\",\"position\":2,\"name\":\"Products\",\"item\":\"https:\/\/madeinmadeira.pt\/pt\/shop\/\"},{\"@type\":\"ListItem\",\"position\":3,\"name\":\"Tote Bag &#8220;Island Girl Essentials&#8221;\"}]},{\"@type\":\"WebSite\",\"@id\":\"https:\/\/madeinmadeira.pt\/pt\/#website\",\"url\":\"https:\/\/madeinmadeira.pt\/pt\/\",\"name\":\"\",\"description\":\"\",\"publisher\":{\"@id\":\"https:\/\/madeinmadeira.pt\/pt\/#organization\"},\"potentialAction\":[{\"@type\":\"SearchAction\",\"target\":{\"@type\":\"EntryPoint\",\"urlTemplate\":\"https:\/\/madeinmadeira.pt\/pt\/?s={search_term_string}\"},\"query-input\":{\"@type\":\"PropertyValueSpecification\",\"valueRequired\":true,\"valueName\":\"search_term_string\"}}],\"inLanguage\":\"pt-PT\"},{\"@type\":\"Organization\",\"@id\":\"https:\/\/madeinmadeira.pt\/pt\/#organization\",\"name\":\"Made in Madeira\",\"url\":\"https:\/\/madeinmadeira.pt\/pt\/\",\"logo\":{\"@type\":\"ImageObject\",\"inLanguage\":\"pt-PT\",\"@id\":\"https:\/\/madeinmadeira.pt\/pt\/#\/schema\/logo\/image\/\",\"url\":\"http:\/\/madeinmadeira.pt\/wp-content\/uploads\/2020\/09\/madeinmadeira.jpg\",\"contentUrl\":\"http:\/\/madeinmadeira.pt\/wp-content\/uploads\/2020\/09\/madeinmadeira.jpg\",\"width\":512,\"height\":512,\"caption\":\"Made in Madeira\"},\"image\":{\"@id\":\"https:\/\/madeinmadeira.pt\/pt\/#\/schema\/logo\/image\/\"},\"sameAs\":[\"https:\/\/www.facebook.com\/madeinmadeira\",\"https:\/\/www.instagram.com\/made.in.madeira\/\"]}]}<\/script>\n<!-- \/ Yoast SEO plugin. -->","yoast_head_json":{"title":"Tote Bag \"Island Girl Essentials\"","description":"Tote bag \u201cIsland Girl Essentials\u201d \u00e9 inspirada no estilo de vida leve e solarengo das raparigas das ilhas. Com um design divertido que destaca os essenciais de uma island girl, celebra o esp\u00edrito descontra\u00eddo, o sol e a liga\u00e7\u00e3o ao mar.","robots":{"index":"index","follow":"follow","max-snippet":"max-snippet:-1","max-image-preview":"max-image-preview:large","max-video-preview":"max-video-preview:-1"},"canonical":"http:\/\/madeinmadeira.pt\/pt\/produto\/tote-bag-island-girl-essentials\/","og_locale":"pt_PT","og_type":"article","og_title":"Tote Bag \"Island Girl Essentials\"","og_description":"Tote bag \u201cIsland Girl Essentials\u201d \u00e9 inspirada no estilo de vida leve e solarengo das raparigas das ilhas. Com um design divertido que destaca os essenciais de uma island girl, celebra o esp\u00edrito descontra\u00eddo, o sol e a liga\u00e7\u00e3o ao mar.","og_url":"http:\/\/madeinmadeira.pt\/pt\/produto\/tote-bag-island-girl-essentials\/","article_publisher":"https:\/\/www.facebook.com\/madeinmadeira","article_modified_time":"2026-03-13T14:10:32+00:00","og_image":[{"width":1080,"height":1350,"url":"http:\/\/madeinmadeira.pt\/wp-content\/uploads\/2026\/03\/Design-sem-nome-14.jpg","type":"image\/jpeg"}],"twitter_card":"summary_large_image","twitter_misc":{"Tempo estimado de leitura":"1 minuto"},"schema":{"@context":"https:\/\/schema.org","@graph":[{"@type":"WebPage","@id":"http:\/\/madeinmadeira.pt\/pt\/produto\/tote-bag-island-girl-essentials\/","url":"http:\/\/madeinmadeira.pt\/pt\/produto\/tote-bag-island-girl-essentials\/","name":"Tote Bag \"Island Girl Essentials\"","isPartOf":{"@id":"https:\/\/madeinmadeira.pt\/pt\/#website"},"primaryImageOfPage":{"@id":"http:\/\/madeinmadeira.pt\/pt\/produto\/tote-bag-island-girl-essentials\/#primaryimage"},"image":{"@id":"http:\/\/madeinmadeira.pt\/pt\/produto\/tote-bag-island-girl-essentials\/#primaryimage"},"thumbnailUrl":"http:\/\/madeinmadeira.pt\/wp-content\/uploads\/2026\/03\/Design-sem-nome-14.jpg","datePublished":"2026-03-05T15:11:40+00:00","dateModified":"2026-03-13T14:10:32+00:00","description":"Tote bag \u201cIsland Girl Essentials\u201d \u00e9 inspirada no estilo de vida leve e solarengo das raparigas das ilhas. Com um design divertido que destaca os essenciais de uma island girl, celebra o esp\u00edrito descontra\u00eddo, o sol e a liga\u00e7\u00e3o ao mar.","breadcrumb":{"@id":"http:\/\/madeinmadeira.pt\/pt\/produto\/tote-bag-island-girl-essentials\/#breadcrumb"},"inLanguage":"pt-PT","potentialAction":[{"@type":"ReadAction","target":["http:\/\/madeinmadeira.pt\/pt\/produto\/tote-bag-island-girl-essentials\/"]}]},{"@type":"ImageObject","inLanguage":"pt-PT","@id":"http:\/\/madeinmadeira.pt\/pt\/produto\/tote-bag-island-girl-essentials\/#primaryimage","url":"http:\/\/madeinmadeira.pt\/wp-content\/uploads\/2026\/03\/Design-sem-nome-14.jpg","contentUrl":"http:\/\/madeinmadeira.pt\/wp-content\/uploads\/2026\/03\/Design-sem-nome-14.jpg","width":1080,"height":1350},{"@type":"BreadcrumbList","@id":"http:\/\/madeinmadeira.pt\/pt\/produto\/tote-bag-island-girl-essentials\/#breadcrumb","itemListElement":[{"@type":"ListItem","position":1,"name":"Home","item":"https:\/\/madeinmadeira.pt\/pt\/"},{"@type":"ListItem","position":2,"name":"Products","item":"https:\/\/madeinmadeira.pt\/pt\/shop\/"},{"@type":"ListItem","position":3,"name":"Tote Bag &#8220;Island Girl Essentials&#8221;"}]},{"@type":"WebSite","@id":"https:\/\/madeinmadeira.pt\/pt\/#website","url":"https:\/\/madeinmadeira.pt\/pt\/","name":"","description":"","publisher":{"@id":"https:\/\/madeinmadeira.pt\/pt\/#organization"},"potentialAction":[{"@type":"SearchAction","target":{"@type":"EntryPoint","urlTemplate":"https:\/\/madeinmadeira.pt\/pt\/?s={search_term_string}"},"query-input":{"@type":"PropertyValueSpecification","valueRequired":true,"valueName":"search_term_string"}}],"inLanguage":"pt-PT"},{"@type":"Organization","@id":"https:\/\/madeinmadeira.pt\/pt\/#organization","name":"Made in Madeira","url":"https:\/\/madeinmadeira.pt\/pt\/","logo":{"@type":"ImageObject","inLanguage":"pt-PT","@id":"https:\/\/madeinmadeira.pt\/pt\/#\/schema\/logo\/image\/","url":"http:\/\/madeinmadeira.pt\/wp-content\/uploads\/2020\/09\/madeinmadeira.jpg","contentUrl":"http:\/\/madeinmadeira.pt\/wp-content\/uploads\/2020\/09\/madeinmadeira.jpg","width":512,"height":512,"caption":"Made in Madeira"},"image":{"@id":"https:\/\/madeinmadeira.pt\/pt\/#\/schema\/logo\/image\/"},"sameAs":["https:\/\/www.facebook.com\/madeinmadeira","https:\/\/www.instagram.com\/made.in.madeira\/"]}]}},"_links":{"self":[{"href":"http:\/\/madeinmadeira.pt\/pt\/wp-json\/wp\/v2\/product\/1972","targetHints":{"allow":["GET"]}}],"collection":[{"href":"http:\/\/madeinmadeira.pt\/pt\/wp-json\/wp\/v2\/product"}],"about":[{"href":"http:\/\/madeinmadeira.pt\/pt\/wp-json\/wp\/v2\/types\/product"}],"replies":[{"embeddable":true,"href":"http:\/\/madeinmadeira.pt\/pt\/wp-json\/wp\/v2\/comments?post=1972"}],"wp:featuredmedia":[{"embeddable":true,"href":"http:\/\/madeinmadeira.pt\/pt\/wp-json\/wp\/v2\/media\/1986"}],"wp:attachment":[{"href":"http:\/\/madeinmadeira.pt\/pt\/wp-json\/wp\/v2\/media?parent=1972"}],"wp:term":[{"taxonomy":"product_brand","embeddable":true,"href":"http:\/\/madeinmadeira.pt\/pt\/wp-json\/wp\/v2\/product_brand?post=1972"},{"taxonomy":"product_cat","embeddable":true,"href":"http:\/\/madeinmadeira.pt\/pt\/wp-json\/wp\/v2\/product_cat?post=1972"},{"taxonomy":"product_tag","embeddable":true,"href":"http:\/\/madeinmadeira.pt\/pt\/wp-json\/wp\/v2\/product_tag?post=1972"}],"curies":[{"name":"wp","href":"https:\/\/api.w.org\/{rel}","templated":true}]}}