{"id":1957,"date":"2026-03-05T15:05:26","date_gmt":"2026-03-05T15:05:26","guid":{"rendered":"https:\/\/madeinmadeira.pt\/?post_type=product&#038;p=1957"},"modified":"2026-03-13T14:11:53","modified_gmt":"2026-03-13T14:11:53","slug":"tote-bag-black-scabbard","status":"publish","type":"product","link":"http:\/\/madeinmadeira.pt\/pt\/produto\/tote-bag-black-scabbard\/","title":{"rendered":"Tote Bag &#8220;Black Scabbard&#8221;"},"content":{"rendered":"<p><strong data-start=\"0\" data-end=\"20\" data-is-only-node=\"\">Detalhes do artigo:<\/strong> Tote bag with long handles<br data-start=\"47\" data-end=\"50\" \/><strong data-start=\"50\" data-end=\"63\">100% algod\u00e3o, 150 g\/m2<\/strong> 100% cotton<br data-start=\"75\" data-end=\"78\" \/><strong data-start=\"78\" data-end=\"99\">Mais informa\u00e7\u00f5es:<\/strong> Lightweight, reusable and durable. Printed design.<\/p>","protected":false},"excerpt":{"rendered":"<p>Article details: Tote bag with long handlesMaterial: 100% cottonMore information: Lightweight, reusable and durable. Printed design.<\/p>","protected":false},"featured_media":1971,"comment_status":"open","ping_status":"closed","template":"","meta":[],"product_brand":[],"product_cat":[29,77],"product_tag":[86,69,70,82,68],"class_list":{"0":"post-1957","1":"product","2":"type-product","3":"status-publish","4":"has-post-thumbnail","6":"product_cat-bags","7":"product_cat-tote-bags","8":"product_tag-blackscabbard","9":"product_tag-madeira","10":"product_tag-souvenir","11":"product_tag-totebag","12":"product_tag-unissex","14":"first","15":"instock","16":"taxable","17":"shipping-taxable","18":"purchasable","19":"product-type-simple"},"yoast_head":"<!-- This site is optimized with the Yoast SEO plugin v27.1.1 - https:\/\/yoast.com\/product\/yoast-seo-wordpress\/ -->\n<title>Tote Bag &quot;Black Scabbard&quot;<\/title>\n<meta name=\"description\" content=\"Tote bag \u201cBlack Scabbard\u201d \u00e9 inspirada num dos peixes mais emblem\u00e1ticos da gastronomia da Madeira. Com um design dedicado ao black scabbard, celebra a tradi\u00e7\u00e3o e a identidade mar\u00edtima da ilha.\" \/>\n<meta name=\"robots\" content=\"index, follow, max-snippet:-1, max-image-preview:large, max-video-preview:-1\" \/>\n<link rel=\"canonical\" href=\"http:\/\/madeinmadeira.pt\/pt\/produto\/tote-bag-black-scabbard\/\" \/>\n<meta property=\"og:locale\" content=\"pt_PT\" \/>\n<meta property=\"og:type\" content=\"article\" \/>\n<meta property=\"og:title\" content=\"Tote Bag &quot;Black Scabbard&quot;\" \/>\n<meta property=\"og:description\" content=\"Tote bag \u201cBlack Scabbard\u201d \u00e9 inspirada num dos peixes mais emblem\u00e1ticos da gastronomia da Madeira. Com um design dedicado ao black scabbard, celebra a tradi\u00e7\u00e3o e a identidade mar\u00edtima da ilha.\" \/>\n<meta property=\"og:url\" content=\"http:\/\/madeinmadeira.pt\/pt\/produto\/tote-bag-black-scabbard\/\" \/>\n<meta property=\"article:publisher\" content=\"https:\/\/www.facebook.com\/madeinmadeira\" \/>\n<meta property=\"article:modified_time\" content=\"2026-03-13T14:11:53+00:00\" \/>\n<meta property=\"og:image\" content=\"http:\/\/madeinmadeira.pt\/wp-content\/uploads\/2026\/03\/Design-sem-nome-13.jpg\" \/>\n\t<meta property=\"og:image:width\" content=\"1080\" \/>\n\t<meta property=\"og:image:height\" content=\"1350\" \/>\n\t<meta property=\"og:image:type\" content=\"image\/jpeg\" \/>\n<meta name=\"twitter:card\" content=\"summary_large_image\" \/>\n<meta name=\"twitter:label1\" content=\"Tempo estimado de leitura\" \/>\n\t<meta name=\"twitter:data1\" content=\"1 minuto\" \/>\n<script type=\"application\/ld+json\" class=\"yoast-schema-graph\">{\"@context\":\"https:\/\/schema.org\",\"@graph\":[{\"@type\":\"WebPage\",\"@id\":\"http:\/\/madeinmadeira.pt\/product\/tote-bag-black-scabbard\/\",\"url\":\"http:\/\/madeinmadeira.pt\/product\/tote-bag-black-scabbard\/\",\"name\":\"Tote Bag \\\"Black Scabbard\\\"\",\"isPartOf\":{\"@id\":\"https:\/\/madeinmadeira.pt\/pt\/#website\"},\"primaryImageOfPage\":{\"@id\":\"http:\/\/madeinmadeira.pt\/product\/tote-bag-black-scabbard\/#primaryimage\"},\"image\":{\"@id\":\"http:\/\/madeinmadeira.pt\/product\/tote-bag-black-scabbard\/#primaryimage\"},\"thumbnailUrl\":\"http:\/\/madeinmadeira.pt\/wp-content\/uploads\/2026\/03\/Design-sem-nome-13.jpg\",\"datePublished\":\"2026-03-05T15:05:26+00:00\",\"dateModified\":\"2026-03-13T14:11:53+00:00\",\"description\":\"Tote bag \u201cBlack Scabbard\u201d \u00e9 inspirada num dos peixes mais emblem\u00e1ticos da gastronomia da Madeira. Com um design dedicado ao black scabbard, celebra a tradi\u00e7\u00e3o e a identidade mar\u00edtima da ilha.\",\"breadcrumb\":{\"@id\":\"http:\/\/madeinmadeira.pt\/product\/tote-bag-black-scabbard\/#breadcrumb\"},\"inLanguage\":\"pt-PT\",\"potentialAction\":[{\"@type\":\"ReadAction\",\"target\":[\"http:\/\/madeinmadeira.pt\/product\/tote-bag-black-scabbard\/\"]}]},{\"@type\":\"ImageObject\",\"inLanguage\":\"pt-PT\",\"@id\":\"http:\/\/madeinmadeira.pt\/product\/tote-bag-black-scabbard\/#primaryimage\",\"url\":\"http:\/\/madeinmadeira.pt\/wp-content\/uploads\/2026\/03\/Design-sem-nome-13.jpg\",\"contentUrl\":\"http:\/\/madeinmadeira.pt\/wp-content\/uploads\/2026\/03\/Design-sem-nome-13.jpg\",\"width\":1080,\"height\":1350},{\"@type\":\"BreadcrumbList\",\"@id\":\"http:\/\/madeinmadeira.pt\/product\/tote-bag-black-scabbard\/#breadcrumb\",\"itemListElement\":[{\"@type\":\"ListItem\",\"position\":1,\"name\":\"Home\",\"item\":\"https:\/\/madeinmadeira.pt\/pt\/\"},{\"@type\":\"ListItem\",\"position\":2,\"name\":\"Products\",\"item\":\"https:\/\/madeinmadeira.pt\/pt\/shop\/\"},{\"@type\":\"ListItem\",\"position\":3,\"name\":\"Tote Bag &#8220;Black Scabbard&#8221;\"}]},{\"@type\":\"WebSite\",\"@id\":\"https:\/\/madeinmadeira.pt\/pt\/#website\",\"url\":\"https:\/\/madeinmadeira.pt\/pt\/\",\"name\":\"\",\"description\":\"\",\"publisher\":{\"@id\":\"https:\/\/madeinmadeira.pt\/pt\/#organization\"},\"potentialAction\":[{\"@type\":\"SearchAction\",\"target\":{\"@type\":\"EntryPoint\",\"urlTemplate\":\"https:\/\/madeinmadeira.pt\/pt\/?s={search_term_string}\"},\"query-input\":{\"@type\":\"PropertyValueSpecification\",\"valueRequired\":true,\"valueName\":\"search_term_string\"}}],\"inLanguage\":\"pt-PT\"},{\"@type\":\"Organization\",\"@id\":\"https:\/\/madeinmadeira.pt\/pt\/#organization\",\"name\":\"Made in Madeira\",\"url\":\"https:\/\/madeinmadeira.pt\/pt\/\",\"logo\":{\"@type\":\"ImageObject\",\"inLanguage\":\"pt-PT\",\"@id\":\"https:\/\/madeinmadeira.pt\/pt\/#\/schema\/logo\/image\/\",\"url\":\"http:\/\/madeinmadeira.pt\/wp-content\/uploads\/2020\/09\/madeinmadeira.jpg\",\"contentUrl\":\"http:\/\/madeinmadeira.pt\/wp-content\/uploads\/2020\/09\/madeinmadeira.jpg\",\"width\":512,\"height\":512,\"caption\":\"Made in Madeira\"},\"image\":{\"@id\":\"https:\/\/madeinmadeira.pt\/pt\/#\/schema\/logo\/image\/\"},\"sameAs\":[\"https:\/\/www.facebook.com\/madeinmadeira\",\"https:\/\/www.instagram.com\/made.in.madeira\/\"]}]}<\/script>\n<!-- \/ Yoast SEO plugin. -->","yoast_head_json":{"title":"Tote Bag \"Black Scabbard\"","description":"Tote bag \u201cBlack Scabbard\u201d \u00e9 inspirada num dos peixes mais emblem\u00e1ticos da gastronomia da Madeira. Com um design dedicado ao black scabbard, celebra a tradi\u00e7\u00e3o e a identidade mar\u00edtima da ilha.","robots":{"index":"index","follow":"follow","max-snippet":"max-snippet:-1","max-image-preview":"max-image-preview:large","max-video-preview":"max-video-preview:-1"},"canonical":"http:\/\/madeinmadeira.pt\/pt\/produto\/tote-bag-black-scabbard\/","og_locale":"pt_PT","og_type":"article","og_title":"Tote Bag \"Black Scabbard\"","og_description":"Tote bag \u201cBlack Scabbard\u201d \u00e9 inspirada num dos peixes mais emblem\u00e1ticos da gastronomia da Madeira. Com um design dedicado ao black scabbard, celebra a tradi\u00e7\u00e3o e a identidade mar\u00edtima da ilha.","og_url":"http:\/\/madeinmadeira.pt\/pt\/produto\/tote-bag-black-scabbard\/","article_publisher":"https:\/\/www.facebook.com\/madeinmadeira","article_modified_time":"2026-03-13T14:11:53+00:00","og_image":[{"width":1080,"height":1350,"url":"http:\/\/madeinmadeira.pt\/wp-content\/uploads\/2026\/03\/Design-sem-nome-13.jpg","type":"image\/jpeg"}],"twitter_card":"summary_large_image","twitter_misc":{"Tempo estimado de leitura":"1 minuto"},"schema":{"@context":"https:\/\/schema.org","@graph":[{"@type":"WebPage","@id":"http:\/\/madeinmadeira.pt\/product\/tote-bag-black-scabbard\/","url":"http:\/\/madeinmadeira.pt\/product\/tote-bag-black-scabbard\/","name":"Tote Bag \"Black Scabbard\"","isPartOf":{"@id":"https:\/\/madeinmadeira.pt\/pt\/#website"},"primaryImageOfPage":{"@id":"http:\/\/madeinmadeira.pt\/product\/tote-bag-black-scabbard\/#primaryimage"},"image":{"@id":"http:\/\/madeinmadeira.pt\/product\/tote-bag-black-scabbard\/#primaryimage"},"thumbnailUrl":"http:\/\/madeinmadeira.pt\/wp-content\/uploads\/2026\/03\/Design-sem-nome-13.jpg","datePublished":"2026-03-05T15:05:26+00:00","dateModified":"2026-03-13T14:11:53+00:00","description":"Tote bag \u201cBlack Scabbard\u201d \u00e9 inspirada num dos peixes mais emblem\u00e1ticos da gastronomia da Madeira. Com um design dedicado ao black scabbard, celebra a tradi\u00e7\u00e3o e a identidade mar\u00edtima da ilha.","breadcrumb":{"@id":"http:\/\/madeinmadeira.pt\/product\/tote-bag-black-scabbard\/#breadcrumb"},"inLanguage":"pt-PT","potentialAction":[{"@type":"ReadAction","target":["http:\/\/madeinmadeira.pt\/product\/tote-bag-black-scabbard\/"]}]},{"@type":"ImageObject","inLanguage":"pt-PT","@id":"http:\/\/madeinmadeira.pt\/product\/tote-bag-black-scabbard\/#primaryimage","url":"http:\/\/madeinmadeira.pt\/wp-content\/uploads\/2026\/03\/Design-sem-nome-13.jpg","contentUrl":"http:\/\/madeinmadeira.pt\/wp-content\/uploads\/2026\/03\/Design-sem-nome-13.jpg","width":1080,"height":1350},{"@type":"BreadcrumbList","@id":"http:\/\/madeinmadeira.pt\/product\/tote-bag-black-scabbard\/#breadcrumb","itemListElement":[{"@type":"ListItem","position":1,"name":"Home","item":"https:\/\/madeinmadeira.pt\/pt\/"},{"@type":"ListItem","position":2,"name":"Products","item":"https:\/\/madeinmadeira.pt\/pt\/shop\/"},{"@type":"ListItem","position":3,"name":"Tote Bag &#8220;Black Scabbard&#8221;"}]},{"@type":"WebSite","@id":"https:\/\/madeinmadeira.pt\/pt\/#website","url":"https:\/\/madeinmadeira.pt\/pt\/","name":"","description":"","publisher":{"@id":"https:\/\/madeinmadeira.pt\/pt\/#organization"},"potentialAction":[{"@type":"SearchAction","target":{"@type":"EntryPoint","urlTemplate":"https:\/\/madeinmadeira.pt\/pt\/?s={search_term_string}"},"query-input":{"@type":"PropertyValueSpecification","valueRequired":true,"valueName":"search_term_string"}}],"inLanguage":"pt-PT"},{"@type":"Organization","@id":"https:\/\/madeinmadeira.pt\/pt\/#organization","name":"Made in Madeira","url":"https:\/\/madeinmadeira.pt\/pt\/","logo":{"@type":"ImageObject","inLanguage":"pt-PT","@id":"https:\/\/madeinmadeira.pt\/pt\/#\/schema\/logo\/image\/","url":"http:\/\/madeinmadeira.pt\/wp-content\/uploads\/2020\/09\/madeinmadeira.jpg","contentUrl":"http:\/\/madeinmadeira.pt\/wp-content\/uploads\/2020\/09\/madeinmadeira.jpg","width":512,"height":512,"caption":"Made in Madeira"},"image":{"@id":"https:\/\/madeinmadeira.pt\/pt\/#\/schema\/logo\/image\/"},"sameAs":["https:\/\/www.facebook.com\/madeinmadeira","https:\/\/www.instagram.com\/made.in.madeira\/"]}]}},"_links":{"self":[{"href":"http:\/\/madeinmadeira.pt\/pt\/wp-json\/wp\/v2\/product\/1957","targetHints":{"allow":["GET"]}}],"collection":[{"href":"http:\/\/madeinmadeira.pt\/pt\/wp-json\/wp\/v2\/product"}],"about":[{"href":"http:\/\/madeinmadeira.pt\/pt\/wp-json\/wp\/v2\/types\/product"}],"replies":[{"embeddable":true,"href":"http:\/\/madeinmadeira.pt\/pt\/wp-json\/wp\/v2\/comments?post=1957"}],"wp:featuredmedia":[{"embeddable":true,"href":"http:\/\/madeinmadeira.pt\/pt\/wp-json\/wp\/v2\/media\/1971"}],"wp:attachment":[{"href":"http:\/\/madeinmadeira.pt\/pt\/wp-json\/wp\/v2\/media?parent=1957"}],"wp:term":[{"taxonomy":"product_brand","embeddable":true,"href":"http:\/\/madeinmadeira.pt\/pt\/wp-json\/wp\/v2\/product_brand?post=1957"},{"taxonomy":"product_cat","embeddable":true,"href":"http:\/\/madeinmadeira.pt\/pt\/wp-json\/wp\/v2\/product_cat?post=1957"},{"taxonomy":"product_tag","embeddable":true,"href":"http:\/\/madeinmadeira.pt\/pt\/wp-json\/wp\/v2\/product_tag?post=1957"}],"curies":[{"name":"wp","href":"https:\/\/api.w.org\/{rel}","templated":true}]}}