{"id":1736,"date":"2026-02-19T09:45:54","date_gmt":"2026-02-19T09:45:54","guid":{"rendered":"https:\/\/madeinmadeira.pt\/?post_type=product&#038;p=1736"},"modified":"2026-03-16T14:30:05","modified_gmt":"2026-03-16T14:30:05","slug":"t-shirt-bolo-do-caco-made-in-madeira","status":"publish","type":"product","link":"http:\/\/madeinmadeira.pt\/pt\/produto\/t-shirt-bolo-do-caco-made-in-madeira\/","title":{"rendered":"T-shirt &#8220;Bolo do Caco&#8221;"},"content":{"rendered":"<div>Article details: Short sleeves, round collar<\/div>\n<div>Material: 100% cotton, 331 g\/m<sup>2<\/sup><\/div>\n<div>More information: Printed on the back and front, a unisex model<\/div>","protected":false},"excerpt":{"rendered":"<p>T-shirt &#8220;Bolo do Caco&#8221; by Made in Madeira em castanho escuro, inspirada no tradicional bolo do caco, um dos sabores mais emblem\u00e1ticos da ilha. A estampa em tons de amarelo e castanho destaca-se pelo seu design criativo e pela frase irreverente \u201cbutter than your ex\u201d, que acrescenta humor e personalidade \u00e0 pe\u00e7a. Ideal como souvenir de recorda\u00e7\u00e3o da Madeira ou para quem vive localmente e gosta de usar s\u00edmbolos da cultura madeirense com um toque moderno e divertido. Perfeita para quem valoriza identidade, tradi\u00e7\u00e3o e originalidade.<\/p>","protected":false},"featured_media":1680,"comment_status":"open","ping_status":"closed","template":"","meta":[],"product_brand":[],"product_cat":[74,23],"product_tag":[37,69,70,72,38,71],"class_list":{"0":"post-1736","1":"product","2":"type-product","3":"status-publish","4":"has-post-thumbnail","6":"product_cat-first-wave-collection","7":"product_cat-clothing","8":"product_tag-fashion","9":"product_tag-madeira","10":"product_tag-souvenir","11":"product_tag-style","12":"product_tag-t-shirt","13":"product_tag-urban","15":"first","16":"instock","17":"taxable","18":"shipping-taxable","19":"purchasable","20":"product-type-variable"},"yoast_head":"<!-- This site is optimized with the Yoast SEO plugin v27.1.1 - https:\/\/yoast.com\/product\/yoast-seo-wordpress\/ -->\n<title>T-shirt &quot;Bolo do Caco&quot;<\/title>\n<meta name=\"description\" content=\"T-shirt inspirada no tradicional p\u00e3o com manteiga de alho, mais conhecido por &quot;Bolo do Caco&quot;, na ilha da Madeira. Perfeita como souvenir ou para quem quer mostrar orgulho local com estilo urbano e personalidade.\" \/>\n<meta name=\"robots\" content=\"index, follow, max-snippet:-1, max-image-preview:large, max-video-preview:-1\" \/>\n<link rel=\"canonical\" href=\"http:\/\/madeinmadeira.pt\/pt\/produto\/t-shirt-bolo-do-caco-made-in-madeira\/\" \/>\n<meta property=\"og:locale\" content=\"pt_PT\" \/>\n<meta property=\"og:type\" content=\"article\" \/>\n<meta property=\"og:title\" content=\"T-shirt &quot;Bolo do Caco&quot;\" \/>\n<meta property=\"og:description\" content=\"T-shirt inspirada no tradicional p\u00e3o com manteiga de alho, mais conhecido por &quot;Bolo do Caco&quot;, na ilha da Madeira. Perfeita como souvenir ou para quem quer mostrar orgulho local com estilo urbano e personalidade.\" \/>\n<meta property=\"og:url\" content=\"http:\/\/madeinmadeira.pt\/pt\/produto\/t-shirt-bolo-do-caco-made-in-madeira\/\" \/>\n<meta property=\"article:publisher\" content=\"https:\/\/www.facebook.com\/madeinmadeira\" \/>\n<meta property=\"article:modified_time\" content=\"2026-03-16T14:30:05+00:00\" \/>\n<meta property=\"og:image\" content=\"http:\/\/madeinmadeira.pt\/wp-content\/uploads\/2026\/02\/1.jpg\" \/>\n\t<meta property=\"og:image:width\" content=\"1080\" \/>\n\t<meta property=\"og:image:height\" content=\"1350\" \/>\n\t<meta property=\"og:image:type\" content=\"image\/jpeg\" \/>\n<meta name=\"twitter:card\" content=\"summary_large_image\" \/>\n<meta name=\"twitter:label1\" content=\"Tempo estimado de leitura\" \/>\n\t<meta name=\"twitter:data1\" content=\"1 minuto\" \/>\n<script type=\"application\/ld+json\" class=\"yoast-schema-graph\">{\"@context\":\"https:\/\/schema.org\",\"@graph\":[{\"@type\":\"WebPage\",\"@id\":\"http:\/\/madeinmadeira.pt\/pt\/produto\/t-shirt-bolo-do-caco-made-in-madeira\/\",\"url\":\"http:\/\/madeinmadeira.pt\/pt\/produto\/t-shirt-bolo-do-caco-made-in-madeira\/\",\"name\":\"T-shirt \\\"Bolo do Caco\\\"\",\"isPartOf\":{\"@id\":\"http:\/\/madeinmadeira.pt\/pt\/#website\"},\"primaryImageOfPage\":{\"@id\":\"http:\/\/madeinmadeira.pt\/pt\/produto\/t-shirt-bolo-do-caco-made-in-madeira\/#primaryimage\"},\"image\":{\"@id\":\"http:\/\/madeinmadeira.pt\/pt\/produto\/t-shirt-bolo-do-caco-made-in-madeira\/#primaryimage\"},\"thumbnailUrl\":\"http:\/\/madeinmadeira.pt\/wp-content\/uploads\/2026\/02\/1.jpg\",\"datePublished\":\"2026-02-19T09:45:54+00:00\",\"dateModified\":\"2026-03-16T14:30:05+00:00\",\"description\":\"T-shirt inspirada no tradicional p\u00e3o com manteiga de alho, mais conhecido por \\\"Bolo do Caco\\\", na ilha da Madeira. Perfeita como souvenir ou para quem quer mostrar orgulho local com estilo urbano e personalidade.\",\"breadcrumb\":{\"@id\":\"http:\/\/madeinmadeira.pt\/pt\/produto\/t-shirt-bolo-do-caco-made-in-madeira\/#breadcrumb\"},\"inLanguage\":\"pt-PT\",\"potentialAction\":[{\"@type\":\"ReadAction\",\"target\":[\"http:\/\/madeinmadeira.pt\/pt\/produto\/t-shirt-bolo-do-caco-made-in-madeira\/\"]}]},{\"@type\":\"ImageObject\",\"inLanguage\":\"pt-PT\",\"@id\":\"http:\/\/madeinmadeira.pt\/pt\/produto\/t-shirt-bolo-do-caco-made-in-madeira\/#primaryimage\",\"url\":\"http:\/\/madeinmadeira.pt\/wp-content\/uploads\/2026\/02\/1.jpg\",\"contentUrl\":\"http:\/\/madeinmadeira.pt\/wp-content\/uploads\/2026\/02\/1.jpg\",\"width\":1080,\"height\":1350,\"caption\":\"T-shirt castanha com estampa do tradicional bolo do caco.\"},{\"@type\":\"BreadcrumbList\",\"@id\":\"http:\/\/madeinmadeira.pt\/pt\/produto\/t-shirt-bolo-do-caco-made-in-madeira\/#breadcrumb\",\"itemListElement\":[{\"@type\":\"ListItem\",\"position\":1,\"name\":\"Home\",\"item\":\"https:\/\/madeinmadeira.pt\/\"},{\"@type\":\"ListItem\",\"position\":2,\"name\":\"Products\",\"item\":\"http:\/\/madeinmadeira.pt\/pt\/shop\/\"},{\"@type\":\"ListItem\",\"position\":3,\"name\":\"T-shirt &#8220;Bolo do Caco&#8221;\"}]},{\"@type\":\"WebSite\",\"@id\":\"http:\/\/madeinmadeira.pt\/pt\/#website\",\"url\":\"http:\/\/madeinmadeira.pt\/pt\/\",\"name\":\"\",\"description\":\"\",\"publisher\":{\"@id\":\"http:\/\/madeinmadeira.pt\/pt\/#organization\"},\"potentialAction\":[{\"@type\":\"SearchAction\",\"target\":{\"@type\":\"EntryPoint\",\"urlTemplate\":\"http:\/\/madeinmadeira.pt\/pt\/?s={search_term_string}\"},\"query-input\":{\"@type\":\"PropertyValueSpecification\",\"valueRequired\":true,\"valueName\":\"search_term_string\"}}],\"inLanguage\":\"pt-PT\"},{\"@type\":\"Organization\",\"@id\":\"http:\/\/madeinmadeira.pt\/pt\/#organization\",\"name\":\"Made in Madeira\",\"url\":\"http:\/\/madeinmadeira.pt\/pt\/\",\"logo\":{\"@type\":\"ImageObject\",\"inLanguage\":\"pt-PT\",\"@id\":\"http:\/\/madeinmadeira.pt\/pt\/#\/schema\/logo\/image\/\",\"url\":\"http:\/\/madeinmadeira.pt\/wp-content\/uploads\/2020\/09\/madeinmadeira.jpg\",\"contentUrl\":\"http:\/\/madeinmadeira.pt\/wp-content\/uploads\/2020\/09\/madeinmadeira.jpg\",\"width\":512,\"height\":512,\"caption\":\"Made in Madeira\"},\"image\":{\"@id\":\"http:\/\/madeinmadeira.pt\/pt\/#\/schema\/logo\/image\/\"},\"sameAs\":[\"https:\/\/www.facebook.com\/madeinmadeira\",\"https:\/\/www.instagram.com\/made.in.madeira\/\"]}]}<\/script>\n<!-- \/ Yoast SEO plugin. -->","yoast_head_json":{"title":"T-shirt \"Bolo do Caco\"","description":"T-shirt inspirada no tradicional p\u00e3o com manteiga de alho, mais conhecido por \"Bolo do Caco\", na ilha da Madeira. Perfeita como souvenir ou para quem quer mostrar orgulho local com estilo urbano e personalidade.","robots":{"index":"index","follow":"follow","max-snippet":"max-snippet:-1","max-image-preview":"max-image-preview:large","max-video-preview":"max-video-preview:-1"},"canonical":"http:\/\/madeinmadeira.pt\/pt\/produto\/t-shirt-bolo-do-caco-made-in-madeira\/","og_locale":"pt_PT","og_type":"article","og_title":"T-shirt \"Bolo do Caco\"","og_description":"T-shirt inspirada no tradicional p\u00e3o com manteiga de alho, mais conhecido por \"Bolo do Caco\", na ilha da Madeira. Perfeita como souvenir ou para quem quer mostrar orgulho local com estilo urbano e personalidade.","og_url":"http:\/\/madeinmadeira.pt\/pt\/produto\/t-shirt-bolo-do-caco-made-in-madeira\/","article_publisher":"https:\/\/www.facebook.com\/madeinmadeira","article_modified_time":"2026-03-16T14:30:05+00:00","og_image":[{"width":1080,"height":1350,"url":"http:\/\/madeinmadeira.pt\/wp-content\/uploads\/2026\/02\/1.jpg","type":"image\/jpeg"}],"twitter_card":"summary_large_image","twitter_misc":{"Tempo estimado de leitura":"1 minuto"},"schema":{"@context":"https:\/\/schema.org","@graph":[{"@type":"WebPage","@id":"http:\/\/madeinmadeira.pt\/pt\/produto\/t-shirt-bolo-do-caco-made-in-madeira\/","url":"http:\/\/madeinmadeira.pt\/pt\/produto\/t-shirt-bolo-do-caco-made-in-madeira\/","name":"T-shirt \"Bolo do Caco\"","isPartOf":{"@id":"http:\/\/madeinmadeira.pt\/pt\/#website"},"primaryImageOfPage":{"@id":"http:\/\/madeinmadeira.pt\/pt\/produto\/t-shirt-bolo-do-caco-made-in-madeira\/#primaryimage"},"image":{"@id":"http:\/\/madeinmadeira.pt\/pt\/produto\/t-shirt-bolo-do-caco-made-in-madeira\/#primaryimage"},"thumbnailUrl":"http:\/\/madeinmadeira.pt\/wp-content\/uploads\/2026\/02\/1.jpg","datePublished":"2026-02-19T09:45:54+00:00","dateModified":"2026-03-16T14:30:05+00:00","description":"T-shirt inspirada no tradicional p\u00e3o com manteiga de alho, mais conhecido por \"Bolo do Caco\", na ilha da Madeira. Perfeita como souvenir ou para quem quer mostrar orgulho local com estilo urbano e personalidade.","breadcrumb":{"@id":"http:\/\/madeinmadeira.pt\/pt\/produto\/t-shirt-bolo-do-caco-made-in-madeira\/#breadcrumb"},"inLanguage":"pt-PT","potentialAction":[{"@type":"ReadAction","target":["http:\/\/madeinmadeira.pt\/pt\/produto\/t-shirt-bolo-do-caco-made-in-madeira\/"]}]},{"@type":"ImageObject","inLanguage":"pt-PT","@id":"http:\/\/madeinmadeira.pt\/pt\/produto\/t-shirt-bolo-do-caco-made-in-madeira\/#primaryimage","url":"http:\/\/madeinmadeira.pt\/wp-content\/uploads\/2026\/02\/1.jpg","contentUrl":"http:\/\/madeinmadeira.pt\/wp-content\/uploads\/2026\/02\/1.jpg","width":1080,"height":1350,"caption":"T-shirt castanha com estampa do tradicional bolo do caco."},{"@type":"BreadcrumbList","@id":"http:\/\/madeinmadeira.pt\/pt\/produto\/t-shirt-bolo-do-caco-made-in-madeira\/#breadcrumb","itemListElement":[{"@type":"ListItem","position":1,"name":"Home","item":"https:\/\/madeinmadeira.pt\/"},{"@type":"ListItem","position":2,"name":"Products","item":"http:\/\/madeinmadeira.pt\/pt\/shop\/"},{"@type":"ListItem","position":3,"name":"T-shirt &#8220;Bolo do Caco&#8221;"}]},{"@type":"WebSite","@id":"http:\/\/madeinmadeira.pt\/pt\/#website","url":"http:\/\/madeinmadeira.pt\/pt\/","name":"","description":"","publisher":{"@id":"http:\/\/madeinmadeira.pt\/pt\/#organization"},"potentialAction":[{"@type":"SearchAction","target":{"@type":"EntryPoint","urlTemplate":"http:\/\/madeinmadeira.pt\/pt\/?s={search_term_string}"},"query-input":{"@type":"PropertyValueSpecification","valueRequired":true,"valueName":"search_term_string"}}],"inLanguage":"pt-PT"},{"@type":"Organization","@id":"http:\/\/madeinmadeira.pt\/pt\/#organization","name":"Made in Madeira","url":"http:\/\/madeinmadeira.pt\/pt\/","logo":{"@type":"ImageObject","inLanguage":"pt-PT","@id":"http:\/\/madeinmadeira.pt\/pt\/#\/schema\/logo\/image\/","url":"http:\/\/madeinmadeira.pt\/wp-content\/uploads\/2020\/09\/madeinmadeira.jpg","contentUrl":"http:\/\/madeinmadeira.pt\/wp-content\/uploads\/2020\/09\/madeinmadeira.jpg","width":512,"height":512,"caption":"Made in Madeira"},"image":{"@id":"http:\/\/madeinmadeira.pt\/pt\/#\/schema\/logo\/image\/"},"sameAs":["https:\/\/www.facebook.com\/madeinmadeira","https:\/\/www.instagram.com\/made.in.madeira\/"]}]}},"_links":{"self":[{"href":"http:\/\/madeinmadeira.pt\/pt\/wp-json\/wp\/v2\/product\/1736","targetHints":{"allow":["GET"]}}],"collection":[{"href":"http:\/\/madeinmadeira.pt\/pt\/wp-json\/wp\/v2\/product"}],"about":[{"href":"http:\/\/madeinmadeira.pt\/pt\/wp-json\/wp\/v2\/types\/product"}],"replies":[{"embeddable":true,"href":"http:\/\/madeinmadeira.pt\/pt\/wp-json\/wp\/v2\/comments?post=1736"}],"wp:featuredmedia":[{"embeddable":true,"href":"http:\/\/madeinmadeira.pt\/pt\/wp-json\/wp\/v2\/media\/1680"}],"wp:attachment":[{"href":"http:\/\/madeinmadeira.pt\/pt\/wp-json\/wp\/v2\/media?parent=1736"}],"wp:term":[{"taxonomy":"product_brand","embeddable":true,"href":"http:\/\/madeinmadeira.pt\/pt\/wp-json\/wp\/v2\/product_brand?post=1736"},{"taxonomy":"product_cat","embeddable":true,"href":"http:\/\/madeinmadeira.pt\/pt\/wp-json\/wp\/v2\/product_cat?post=1736"},{"taxonomy":"product_tag","embeddable":true,"href":"http:\/\/madeinmadeira.pt\/pt\/wp-json\/wp\/v2\/product_tag?post=1736"}],"curies":[{"name":"wp","href":"https:\/\/api.w.org\/{rel}","templated":true}]}}