{"id":3,"date":"2020-02-12T07:40:35","date_gmt":"2020-02-12T07:40:35","guid":{"rendered":"http:\/\/madeinmadeira.pt\/?page_id=3"},"modified":"2020-09-21T09:25:10","modified_gmt":"2020-09-21T09:25:10","slug":"privacy-policy","status":"publish","type":"page","link":"http:\/\/madeinmadeira.pt\/pt\/privacy-policy\/","title":{"rendered":"Pol\u00edtica de Privacidade"},"content":{"rendered":"<div data-elementor-type=\"wp-page\" data-elementor-id=\"3\" class=\"elementor elementor-3\">\n\t\t\t\t\t\t<section class=\"elementor-section elementor-top-section elementor-element elementor-element-2592bb50 elementor-section-boxed elementor-section-height-default elementor-section-height-default\" data-id=\"2592bb50\" data-element_type=\"section\" data-e-type=\"section\">\n\t\t\t\t\t\t<div class=\"elementor-container elementor-column-gap-default\">\n\t\t\t\t\t<div class=\"elementor-column elementor-col-100 elementor-top-column elementor-element elementor-element-13a63bf1\" data-id=\"13a63bf1\" data-element_type=\"column\" data-e-type=\"column\">\n\t\t\t<div class=\"elementor-widget-wrap elementor-element-populated\">\n\t\t\t\t\t\t<div class=\"elementor-element elementor-element-22c239f7 elementor-widget elementor-widget-text-editor\" data-id=\"22c239f7\" data-element_type=\"widget\" data-e-type=\"widget\" data-widget_type=\"text-editor.default\">\n\t\t\t\t<div class=\"elementor-widget-container\">\n\t\t\t\t\t\t\t\t\t<p class=\"MsoNormal\" align=\"center\" style=\"text-align:center\"><b><span style=\"font-size:12.0pt;line-height:107%\">Privacidade e Pol\u00edtica de Dados Pessoais \u2013 Aplic\u00e1vel a Usu\u00e1rios<o:p><\/o:p><\/span><\/b><\/p><p>\n\n<\/p><p class=\"MsoNormal\"><b>Controlo de Dados:<\/b>&nbsp; Os nossos dados de identifica\u00e7\u00e3o e contacto est\u00e3o dispon\u00edveis no website que utilizou para fazer a sua reserva\/para nos colocar as suas quest\u00f5es. Eles tamb\u00e9m aparecer\u00e3o em nossa fatura que lhe enviaremos. <br>\n<br>\n<b>Usu\u00e1rio:<\/b> Quem preencheu o pedido, formul\u00e1rio ou qualquer outra documenta\u00e7\u00e3o relacionada.<br>\n<br>\n<b>Prop\u00f3sito:<\/b>&nbsp;A finalidade do tratamento dos dados fornecidos atrav\u00e9s deste formul\u00e1rio \u00e9 a gest\u00e3o de encomendas efetuadas por si, ou para responder \u00e0s quest\u00f5es\/pedidos que colocou.<br>\n<br>\n<b>Base legal:<\/b><br>\n\u2013 Ou a necessidade de executar nosso contrato consigo \/ a necessidade de tomar medidas a seu pedido antes de celebrar um contrato.<br>\n\u2013 Ou o consentimento de voc\u00ea, usu\u00e1rio, marcando a caixa de aceita\u00e7\u00e3o dos Termos e Condi\u00e7\u00f5es dos quais esta Pol\u00edtica de Privacidade e Dados Pessoais \u00e9 parte integrante.<br>\n<br>\n<b>Dura\u00e7\u00e3o:<\/b>&nbsp;Guardaremos os dados fornecidos por si, utilizador, durante o tempo necess\u00e1rio \u00e0 gest\u00e3o da encomenda que efetuou, bem como dos servi\u00e7os de alojamento que solicitou. Uma vez finalizada a gest\u00e3o, seus dados ser\u00e3o mantidos por 6 meses. Se consentir em receber informa\u00e7\u00f5es de marketing e\/ou comerciais, seus dados ser\u00e3o armazenados at\u00e9 que voc\u00ea revogue seu consentimento.\nQuando a gest\u00e3o estiver terminada, os seus dados ser\u00e3o armazenados por seis meses. \nSe aceitar receber publicidade e\/ou informa\u00e7\u00e3o comercial, os seus dados ser\u00e3o armazenados at\u00e9 revogar o seu consentimento. <br>\n<br>\n<b>Titulares de dados diferentes dos usu\u00e1rios:<\/b>&nbsp;Quando voc\u00ea, usu\u00e1rio, nos fornecer dados pessoais pertencentes a um titular de dados diferente de voc\u00ea, voc\u00ea \u00e9 respons\u00e1vel por tais atos, bem como por obter o respetivo consentimento de tais titulares de dados para o fornecimento de seus dados.<br>\n<br>\n<b>Transfer\u00eancia de dados:<\/b>&nbsp;N\u00e3o transferiremos dados pessoais para um terceiro pa\u00eds fora do EEE (Espa\u00e7o Econ\u00f4mico Europeu).<br>\n<br>\n<b>Direitos do Titular dos Dados:<\/b>Os Titulares dos Dados podem exercer os seus direitos de acesso, retifica\u00e7\u00e3o, cancelamento e oposi\u00e7\u00e3o enviando um e-mail ou atrav\u00e9s do servi\u00e7o postal para os contactos no nosso site de reservas e nas nossas faturas.<br>\n<br>\n<b>Autoridade Supervis\u00f3ria:<\/b>&nbsp;Se um titular de dados considerar os seus direitos afetados, pode tamb\u00e9m recorrer \u00e0 autoridade de controlo competente do Estado-Membro em causa.&nbsp;<a href=\"https:\/\/ec.europa.eu\/info\/law\/law-topic\/data-protection\/data-protection-eu_en\" target=\"_blank\"><b>https:\/\/ec.europa.eu\/info\/law\/law-topic\/data-protection\/data-protection-eu_en<\/b><\/a><u><o:p><\/o:p><\/u><\/p>\t\t\t\t\t\t\t\t<\/div>\n\t\t\t\t<\/div>\n\t\t\t\t\t<\/div>\n\t\t<\/div>\n\t\t\t\t\t<\/div>\n\t\t<\/section>\n\t\t\t\t<\/div>","protected":false},"excerpt":{"rendered":"<p>Privacy and Personal Data Policy &#8211; Applicable to Users Data Controller (we):&nbsp; Our identification and contact details are available on the website you used to make your reservation \/ to pose your questions to us. They will also appear on our invoice which we&#8217;ll send to you. User (You): Who filled-in the order, form or [&hellip;]<\/p>\n","protected":false},"author":7,"featured_media":0,"parent":0,"menu_order":0,"comment_status":"closed","ping_status":"open","template":"","meta":{"footnotes":""},"class_list":["post-3","page","type-page","status-publish","hentry"],"yoast_head":"<!-- This site is optimized with the Yoast SEO plugin v27.1.1 - https:\/\/yoast.com\/product\/yoast-seo-wordpress\/ -->\n<title>Privacy Policy<\/title>\n<meta name=\"robots\" content=\"noindex, follow\" \/>\n<meta property=\"og:locale\" content=\"pt_PT\" \/>\n<meta property=\"og:type\" content=\"article\" \/>\n<meta property=\"og:title\" content=\"Privacy Policy\" \/>\n<meta property=\"og:description\" content=\"Privacy and Personal Data Policy &#8211; Applicable to Users Data Controller (we):&nbsp; Our identification and contact details are available on the website you used to make your reservation \/ to pose your questions to us. They will also appear on our invoice which we&#8217;ll send to you. User (You): Who filled-in the order, form or [&hellip;]\" \/>\n<meta property=\"og:url\" content=\"https:\/\/madeinmadeira.pt\/pt\/privacy-policy\/\" \/>\n<meta property=\"article:publisher\" content=\"https:\/\/www.facebook.com\/madeinmadeira\" \/>\n<meta property=\"article:modified_time\" content=\"2020-09-21T09:25:10+00:00\" \/>\n<meta name=\"twitter:card\" content=\"summary_large_image\" \/>\n<meta name=\"twitter:label1\" content=\"Tempo estimado de leitura\" \/>\n\t<meta name=\"twitter:data1\" content=\"2 minutos\" \/>\n<script type=\"application\/ld+json\" class=\"yoast-schema-graph\">{\"@context\":\"https:\/\/schema.org\",\"@graph\":[{\"@type\":\"WebPage\",\"@id\":\"https:\/\/madeinmadeira.pt\/privacy-policy\/\",\"url\":\"https:\/\/madeinmadeira.pt\/privacy-policy\/\",\"name\":\"Privacy Policy\",\"isPartOf\":{\"@id\":\"https:\/\/madeinmadeira.pt\/#website\"},\"datePublished\":\"2020-02-12T07:40:35+00:00\",\"dateModified\":\"2020-09-21T09:25:10+00:00\",\"breadcrumb\":{\"@id\":\"https:\/\/madeinmadeira.pt\/privacy-policy\/#breadcrumb\"},\"inLanguage\":\"pt-PT\",\"potentialAction\":[{\"@type\":\"ReadAction\",\"target\":[\"https:\/\/madeinmadeira.pt\/privacy-policy\/\"]}]},{\"@type\":\"BreadcrumbList\",\"@id\":\"https:\/\/madeinmadeira.pt\/privacy-policy\/#breadcrumb\",\"itemListElement\":[{\"@type\":\"ListItem\",\"position\":1,\"name\":\"Home\",\"item\":\"https:\/\/madeinmadeira.pt\/\"},{\"@type\":\"ListItem\",\"position\":2,\"name\":\"Privacy Policy\"}]},{\"@type\":\"WebSite\",\"@id\":\"https:\/\/madeinmadeira.pt\/#website\",\"url\":\"https:\/\/madeinmadeira.pt\/\",\"name\":\"\",\"description\":\"\",\"publisher\":{\"@id\":\"https:\/\/madeinmadeira.pt\/#organization\"},\"potentialAction\":[{\"@type\":\"SearchAction\",\"target\":{\"@type\":\"EntryPoint\",\"urlTemplate\":\"https:\/\/madeinmadeira.pt\/?s={search_term_string}\"},\"query-input\":{\"@type\":\"PropertyValueSpecification\",\"valueRequired\":true,\"valueName\":\"search_term_string\"}}],\"inLanguage\":\"pt-PT\"},{\"@type\":\"Organization\",\"@id\":\"https:\/\/madeinmadeira.pt\/#organization\",\"name\":\"Made in Madeira\",\"url\":\"https:\/\/madeinmadeira.pt\/\",\"logo\":{\"@type\":\"ImageObject\",\"inLanguage\":\"pt-PT\",\"@id\":\"https:\/\/madeinmadeira.pt\/#\/schema\/logo\/image\/\",\"url\":\"http:\/\/madeinmadeira.pt\/wp-content\/uploads\/2020\/09\/madeinmadeira.jpg\",\"contentUrl\":\"http:\/\/madeinmadeira.pt\/wp-content\/uploads\/2020\/09\/madeinmadeira.jpg\",\"width\":512,\"height\":512,\"caption\":\"Made in Madeira\"},\"image\":{\"@id\":\"https:\/\/madeinmadeira.pt\/#\/schema\/logo\/image\/\"},\"sameAs\":[\"https:\/\/www.facebook.com\/madeinmadeira\",\"https:\/\/www.instagram.com\/made.in.madeira\/\"]}]}<\/script>\n<!-- \/ Yoast SEO plugin. -->","yoast_head_json":{"title":"Pol\u00edtica de Privacidade","robots":{"index":"noindex","follow":"follow"},"og_locale":"pt_PT","og_type":"article","og_title":"Privacy Policy","og_description":"Privacy and Personal Data Policy &#8211; Applicable to Users Data Controller (we):&nbsp; Our identification and contact details are available on the website you used to make your reservation \/ to pose your questions to us. They will also appear on our invoice which we&#8217;ll send to you. User (You): Who filled-in the order, form or [&hellip;]","og_url":"https:\/\/madeinmadeira.pt\/pt\/privacy-policy\/","article_publisher":"https:\/\/www.facebook.com\/madeinmadeira","article_modified_time":"2020-09-21T09:25:10+00:00","twitter_card":"summary_large_image","twitter_misc":{"Tempo estimado de leitura":"2 minutos"},"schema":{"@context":"https:\/\/schema.org","@graph":[{"@type":"WebPage","@id":"https:\/\/madeinmadeira.pt\/privacy-policy\/","url":"https:\/\/madeinmadeira.pt\/privacy-policy\/","name":"Pol\u00edtica de Privacidade","isPartOf":{"@id":"https:\/\/madeinmadeira.pt\/#website"},"datePublished":"2020-02-12T07:40:35+00:00","dateModified":"2020-09-21T09:25:10+00:00","breadcrumb":{"@id":"https:\/\/madeinmadeira.pt\/privacy-policy\/#breadcrumb"},"inLanguage":"pt-PT","potentialAction":[{"@type":"ReadAction","target":["https:\/\/madeinmadeira.pt\/privacy-policy\/"]}]},{"@type":"BreadcrumbList","@id":"https:\/\/madeinmadeira.pt\/privacy-policy\/#breadcrumb","itemListElement":[{"@type":"ListItem","position":1,"name":"Home","item":"https:\/\/madeinmadeira.pt\/"},{"@type":"ListItem","position":2,"name":"Privacy Policy"}]},{"@type":"WebSite","@id":"https:\/\/madeinmadeira.pt\/#website","url":"https:\/\/madeinmadeira.pt\/","name":"","description":"","publisher":{"@id":"https:\/\/madeinmadeira.pt\/#organization"},"potentialAction":[{"@type":"SearchAction","target":{"@type":"EntryPoint","urlTemplate":"https:\/\/madeinmadeira.pt\/?s={search_term_string}"},"query-input":{"@type":"PropertyValueSpecification","valueRequired":true,"valueName":"search_term_string"}}],"inLanguage":"pt-PT"},{"@type":"Organization","@id":"https:\/\/madeinmadeira.pt\/#organization","name":"Made in Madeira","url":"https:\/\/madeinmadeira.pt\/","logo":{"@type":"ImageObject","inLanguage":"pt-PT","@id":"https:\/\/madeinmadeira.pt\/#\/schema\/logo\/image\/","url":"http:\/\/madeinmadeira.pt\/wp-content\/uploads\/2020\/09\/madeinmadeira.jpg","contentUrl":"http:\/\/madeinmadeira.pt\/wp-content\/uploads\/2020\/09\/madeinmadeira.jpg","width":512,"height":512,"caption":"Made in Madeira"},"image":{"@id":"https:\/\/madeinmadeira.pt\/#\/schema\/logo\/image\/"},"sameAs":["https:\/\/www.facebook.com\/madeinmadeira","https:\/\/www.instagram.com\/made.in.madeira\/"]}]}},"_links":{"self":[{"href":"http:\/\/madeinmadeira.pt\/pt\/wp-json\/wp\/v2\/pages\/3","targetHints":{"allow":["GET"]}}],"collection":[{"href":"http:\/\/madeinmadeira.pt\/pt\/wp-json\/wp\/v2\/pages"}],"about":[{"href":"http:\/\/madeinmadeira.pt\/pt\/wp-json\/wp\/v2\/types\/page"}],"author":[{"embeddable":true,"href":"http:\/\/madeinmadeira.pt\/pt\/wp-json\/wp\/v2\/users\/7"}],"replies":[{"embeddable":true,"href":"http:\/\/madeinmadeira.pt\/pt\/wp-json\/wp\/v2\/comments?post=3"}],"version-history":[{"count":3,"href":"http:\/\/madeinmadeira.pt\/pt\/wp-json\/wp\/v2\/pages\/3\/revisions"}],"predecessor-version":[{"id":485,"href":"http:\/\/madeinmadeira.pt\/pt\/wp-json\/wp\/v2\/pages\/3\/revisions\/485"}],"wp:attachment":[{"href":"http:\/\/madeinmadeira.pt\/pt\/wp-json\/wp\/v2\/media?parent=3"}],"curies":[{"name":"wp","href":"https:\/\/api.w.org\/{rel}","templated":true}]}}